{"id":3043,"date":"2024-02-12T08:16:13","date_gmt":"2024-02-12T08:16:13","guid":{"rendered":"https:\/\/seife-forage.com\/?post_type=product&#038;p=3043"},"modified":"2024-03-30T01:34:13","modified_gmt":"2024-03-30T01:34:13","slug":"pompe","status":"publish","type":"product","link":"https:\/\/seife-forage.com\/index.php\/product\/pompe\/","title":{"rendered":"Sonde caustique"},"content":{"rendered":"<p><b>est une base forte qui se pr\u00e9sente, \u00e0 temp\u00e9rature ambiante, sous forme solide<\/b>.<\/p>\n","protected":false},"excerpt":{"rendered":"<p>est une base forte qui se pr\u00e9sente, \u00e0 temp\u00e9rature ambiante, sous forme solide.<\/p>\n","protected":false},"featured_media":3107,"template":"","meta":[],"product_cat":[52],"product_tag":[],"class_list":["post-3043","product","type-product","status-publish","has-post-thumbnail","hentry","product_cat-produit-de-traitement",""],"_links":{"self":[{"href":"https:\/\/seife-forage.com\/index.php\/wp-json\/wp\/v2\/product\/3043","targetHints":{"allow":["GET"]}}],"collection":[{"href":"https:\/\/seife-forage.com\/index.php\/wp-json\/wp\/v2\/product"}],"about":[{"href":"https:\/\/seife-forage.com\/index.php\/wp-json\/wp\/v2\/types\/product"}],"wp:featuredmedia":[{"embeddable":true,"href":"https:\/\/seife-forage.com\/index.php\/wp-json\/wp\/v2\/media\/3107"}],"wp:attachment":[{"href":"https:\/\/seife-forage.com\/index.php\/wp-json\/wp\/v2\/media?parent=3043"}],"wp:term":[{"taxonomy":"product_cat","embeddable":true,"href":"https:\/\/seife-forage.com\/index.php\/wp-json\/wp\/v2\/product_cat?post=3043"},{"taxonomy":"product_tag","embeddable":true,"href":"https:\/\/seife-forage.com\/index.php\/wp-json\/wp\/v2\/product_tag?post=3043"}],"curies":[{"name":"wp","href":"https:\/\/api.w.org\/{rel}","templated":true}]}}