{"id":2956,"date":"2024-04-19T09:47:14","date_gmt":"2024-04-19T09:47:14","guid":{"rendered":"https:\/\/web-dz.com\/seife\/?page_id=2956"},"modified":"2024-04-19T10:19:14","modified_gmt":"2024-04-19T10:19:14","slug":"home11","status":"publish","type":"page","link":"https:\/\/seife-forage.com\/index.php\/home11\/","title":{"rendered":"home 11"},"content":{"rendered":"<section class=\"wpb-content-wrapper\"><p>[vc_row][vc_column][vc_single_image image=&#8221;3163&#8243; img_size=&#8221;medium&#8221; title=&#8221;Une pompe de forage est plac\u00e9e dans une source d&#8217;eau et sert principalement \u00e0 arroser un jardin ou une pelouse, mais aussi \u00e0 r\u00e9utiliser l&#8217;eau de pluie, par exemple. Les pompes de forage sont utilis\u00e9es pour pomper l&#8217;eau \u00e0 une profondeur de plusieurs dizaines de m\u00e8tres.&#8221;][\/vc_column][\/vc_row][vc_row][vc_column][vc_separator][\/vc_column][\/vc_row]<\/p>\n<\/section>","protected":false},"excerpt":{"rendered":"<p>[vc_row][vc_column][vc_single_image image=&#8221;3163&#8243; img_size=&#8221;medium&#8221; title=&#8221;Une pompe de forage est plac\u00e9e dans une source d&#8217;eau et sert principalement \u00e0 arroser un jardin ou une pelouse, mais aussi \u00e0 r\u00e9utiliser l&#8217;eau de pluie,&hellip;<\/p>\n","protected":false},"author":1,"featured_media":0,"parent":0,"menu_order":0,"comment_status":"closed","ping_status":"closed","template":"template-homepage.php","meta":{"footnotes":""},"class_list":["post-2956","page","type-page","status-publish","hentry","no-thumb"],"_links":{"self":[{"href":"https:\/\/seife-forage.com\/index.php\/wp-json\/wp\/v2\/pages\/2956","targetHints":{"allow":["GET"]}}],"collection":[{"href":"https:\/\/seife-forage.com\/index.php\/wp-json\/wp\/v2\/pages"}],"about":[{"href":"https:\/\/seife-forage.com\/index.php\/wp-json\/wp\/v2\/types\/page"}],"author":[{"embeddable":true,"href":"https:\/\/seife-forage.com\/index.php\/wp-json\/wp\/v2\/users\/1"}],"replies":[{"embeddable":true,"href":"https:\/\/seife-forage.com\/index.php\/wp-json\/wp\/v2\/comments?post=2956"}],"version-history":[{"count":7,"href":"https:\/\/seife-forage.com\/index.php\/wp-json\/wp\/v2\/pages\/2956\/revisions"}],"predecessor-version":[{"id":3174,"href":"https:\/\/seife-forage.com\/index.php\/wp-json\/wp\/v2\/pages\/2956\/revisions\/3174"}],"wp:attachment":[{"href":"https:\/\/seife-forage.com\/index.php\/wp-json\/wp\/v2\/media?parent=2956"}],"curies":[{"name":"wp","href":"https:\/\/api.w.org\/{rel}","templated":true}]}}