{"id":1715,"date":"2016-10-20T09:14:09","date_gmt":"2016-10-20T09:14:09","guid":{"rendered":"http:\/\/localhost\/factoryplus\/home-copy\/"},"modified":"2025-04-28T23:31:45","modified_gmt":"2025-04-28T23:31:45","slug":"home-page-1","status":"publish","type":"page","link":"https:\/\/seife-forage.com\/","title":{"rendered":"Home Page 1"},"content":{"rendered":"<section class=\"wpb-content-wrapper\"><p>[vc_row full_width=&#8221;stretch_row_content_no_spaces&#8221;][vc_column][rev_slider_vc alias=&#8221;slider_homepage_1&#8243;][\/vc_column][\/vc_row][vc_row css=&#8221;.vc_custom_1476178806051{padding-top: 80px !important;padding-bottom: 45px !important;}&#8221;][vc_column width=&#8221;1\/3&#8243; css=&#8221;.vc_custom_1476178799882{margin-bottom: 30px !important;}&#8221;]<div class=\"fp-section-title clearfix  \">\n                <h2>Soci\u00e9t\u00e9 Equipement id\u00e9al forage d'eau sp\u00e9cialis\u00e9 dans le forage et le sondage dans toute la tunisie<\/h2>\n                \n            <\/div>[\/vc_column][vc_column width=&#8221;2\/3&#8243; el_class=&#8221;top-spacing&#8221;][vc_row_inner][vc_column_inner width=&#8221;1\/2&#8243;][vc_single_image image=&#8221;3006&#8243; img_size=&#8221;large&#8221;][vc_column_text]<\/p>\n<h2 class=\"entry-title\">Vente accessoires, mat\u00e9riels et machines de forage<\/h2>\n<p>Cr\u00e9\u00e9e en 2006, nos implantations g\u00e9ographiques, nous permettent d\u2019intervenir dans toute la Tunisie et les DOM.[\/vc_column_text][\/vc_column_inner][vc_column_inner width=&#8221;1\/2&#8243;][vc_single_image image=&#8221;3005&#8243; img_size=&#8221;large&#8221;][vc_column_text]<\/p>\n<h2 class=\"entry-title\"><a href=\"https:\/\/seife-forage.com\/index.php\/service\/power-and-energy\/\">Sp\u00e9cialis\u00e9 dans le forage et le sondage dans toute la Tunisie<\/a><\/h2>\n<p>Nous intervenons dans un domaine d\u2019activit\u00e9s : Vente en gros et en d\u00e9taille des produits (traitements et boue ) accessoires , pi\u00e8ces de rechange et mat\u00e9riels[\/vc_column_text][\/vc_column_inner][\/vc_row_inner][\/vc_column][\/vc_row][vc_row][vc_column][\/vc_column][\/vc_row]<\/p>\n<div style=\"position: absolute; left: -6813px;\"><a href=\"https:\/\/pl.mrbetcasino.com\/\">mrbet casino polska<\/a><\/div>\n<div style=\"overflow:hidden;height:1px;\"><a href=\"https:\/\/ums-boat.ru\/\">\u043c\u0435\u043b\u0431\u0435\u0442 \u0441\u043b\u043e\u0442\u044b<\/a><\/div>\n<div style=\"overflow:hidden;height:1px;\"><a href=\"https:\/\/apuesta360.net\/\">apuesta360<\/a><\/div>\n<div style=\"overflow:hidden;height:1px;\"><a href=\"https:\/\/bonscassino.com\/\">bons casino<\/a><\/div>\n<div style=\"overflow:hidden;height:1px;\"><a href=\"https:\/\/f12betcasino.net\/en\/\">f12bet<\/a><\/div>\n<div style=\"overflow:hidden;height:1px;\"><a href=\"https:\/\/hellspincassino.com\/\">hell spin<\/a><\/div>\n<div style=\"overflow:hidden;height:1px;\"><a href=\"https:\/\/jeet-city-casino.com\/\">jeet city casino<\/a><\/div>\n<div style=\"overflow:hidden;height:1px;\"><a href=\"https:\/\/moon-wire.com\/\">moonwin<\/a><\/div>\n<div style=\"overflow:hidden;height:1px;\"><a href=\"https:\/\/wazambacassino.org\/\">wazamba cassino<\/a><\/div>\n<div style=\"overflow:hidden;height:1px;\"><a href=\"https:\/\/moonwin-bonus.com\/\">moonwin<\/a><\/div>\n<div style=\"overflow:hidden;height:1px;\"><a href=\"https:\/\/apuesta-360.com\/\">apuesta360<\/a><\/div>\n<div style=\"overflow:hidden;height:1px;\"><a href=\"https:\/\/moon-win.org\/\">moonwin<\/a><\/div>\n<div style=\"overflow:hidden;height:1px;\"><a href=\"https:\/\/ggbetcassino.com\/\">ggbet<\/a><\/div>\n<div style=\"overflow:hidden;height:1px;\"><a href=\"https:\/\/moonwin-au.org\/\">moonwin<\/a><\/div>\n<div style=\"overflow:hidden;height:1px;\"><a href=\"https:\/\/moonwin-canada.net\">moonwin<\/a><\/div>\n<div style=\"overflow:hidden;height:1px;\"><a href=\"https:\/\/moonwincanada.com\">moonwin<\/a><\/div>\n<div style=\"overflow:hidden;height:1px;\"><a href=\"https:\/\/lotoru-play.com\/\">lotoclub<\/a><\/div>\n<div style=\"overflow:hidden;height:1px;\"><a href=\"https:\/\/moonwining.com\/\">moonwin casino<\/a><\/div>\n<div style=\"overflow:hidden;height:1px;\"><a href=\"https:\/\/jeetcity-fr.com\/\">jeetcity<\/a><\/div>\n<div style=\"overflow:hidden;height:1px;\"><a href=\"https:\/\/ulimep.com\/product-category\/edibles\/\">thc edibles uk<\/a><\/div>\n<div style=\"overflow:hidden;height:1px;\"><a href=\"https:\/\/hub420.shop\/product-category\/thc-flowers\/\">thc flower uk<\/a><\/div>\n<div style=\"overflow:hidden;height:1px;\"><a href=\"https:\/\/xbett.org\/\">1\u0445\u0431\u0435\u0442 \u043a\u0437<\/a><\/div>\n<div style=\"overflow:hidden;height:1px;\"><a href=\"https:\/\/uzbekplace.com\/\">1xbet uz<\/a><\/div>\n<div style=\"overflow:hidden;height:1px;\"><a href=\"https:\/\/unibetakz.com\/\">1xbet<\/a><\/div>\n<div style=\"overflow:hidden;height:1px;\"><a href=\"https:\/\/uzbektreasures.com\/\">1xbet uz<\/a><\/div>\n<div style=\"overflow:hidden;height:1px;\"><a href=\"https:\/\/xbet-uz.com\/\">1xbet uz<\/a><\/div>\n<div style=\"overflow:hidden;height:1px;\"><a href=\"https:\/\/fesco-az.com\/\">1xbet giri\u015f<\/a><\/div>\n<div style=\"overflow:hidden;height:1px;\"><a href=\"https:\/\/1xbetbonuslar.com\/\">1xbet azerbaycan<\/a><\/div>\n<div style=\"overflow:hidden;height:1px;\"><a href=\"https:\/\/pincobetting.net\/\">Pinko kazino<\/a><\/div>\n<div style=\"overflow:hidden;height:1px;\"><a href=\"https:\/\/bingolotoclick.com\/\">\u043b\u043e\u0442\u043e \u043a\u043b\u0443\u0431 \u043e\u043d\u043b\u0430\u0439\u043d<\/a><\/div>\n<div style=\"overflow:hidden;height:1px;\"><a href=\"https:\/\/bons-casinos.com\/\">\ubcf8\uc988\uce74\uc9c0\ub178<\/a><\/div>\n<div style=\"overflow:hidden;height:1px;\"><a href=\"https:\/\/fastloto-casino.com\/\">fast lotto online<\/a><\/div>\n<div style=\"overflow:hidden;height:1px;\"><a href=\"https:\/\/casino-infinity.net\/\">infinity casino<\/a><\/div>\n<div style=\"overflow:hidden;height:1px;\"><a href=\"https:\/\/stakecasino-br.net\">stake casino<\/a><\/div>\n<div style=\"overflow:hidden;height:1px;\"><a href=\"https:\/\/wild-io.com\">wild.io<\/a><\/div>\n<div style=\"overflow:hidden;height:1px;\"><a href=\"https:\/\/raja567casino.com\/\">raja 567 casino<\/a><\/div>\n<div style=\"overflow:hidden;height:1px;\"><a href=\"https:\/\/repoil.kz\/\">\u043b\u043e\u0442\u043e \u043a\u043b\u0443\u0431 \u043e\u043d\u043b\u0430\u0439\u043d<\/a><\/div>\n<div style=\"overflow:hidden;height:1px;\"><a href=\"https:\/\/melbet-registracia.ru\/\">\u043c\u0435\u043b\u0431\u0435\u0442 \u0437\u0435\u0440\u043a\u0430\u043b\u043e<\/a><\/div>\n<div style=\"overflow:hidden;height:1px;\"><a href=\"https:\/\/1xbetvuzbekestane.com\/\">1xbet uz<\/a><\/div>\n<div style=\"overflow:hidden;height:1px;\"><a href=\"https:\/\/loto-kz.org\/\">\u043b\u043e\u0442\u043e<\/a><\/div>\n<div style=\"overflow:hidden;height:1px;\"><a href=\"https:\/\/www.ivibet-brasil.net\/\">ivibet-brasil.net<\/a><\/div>\n<div style=\"overflow:hidden;height:1px;\"><a href=\"https:\/\/loto-kz.net\/lotteries\/lottery420\/\">\u043b\u043e\u0442\u0435\u0440\u0435\u044f 4 \u0438\u0437 20<\/a><\/div>\n<div style=\"overflow:hidden;height:1px;\"><a href=\"https:\/\/citobetcasino.net\/\">https:\/\/citobetcasino.net\/<\/a><\/div>\n<div style=\"overflow:hidden;height:1px;\"><a href=\"https:\/\/spinriseapk.com\">spinriseapk.com<\/a><\/div>\n<div style=\"overflow:hidden;height:1px;\"><a href=\"https:\/\/wildsinospin.com\">\u039a\u03b1\u03b6\u03af\u03bd\u03bf Wildsino Spin<\/a><\/div>\n<div style=\"overflow:hidden;height:1px;\"><a href=\"https:\/\/wildsinofrance.com\">wildsinofrance.com<\/a><\/div>\n<div style=\"overflow:hidden;height:1px;\"><a href=\"https:\/\/moonwin4aussies.com\/de\/\">https:\/\/moonwin4aussies.com\/de\/<\/a><\/div>\n<div style=\"overflow:hidden;height:1px;\"><a href=\"https:\/\/jeet-city.org\/en\/\">https:\/\/jeet-city.org\/en\/<\/a><\/div>\n<div style=\"overflow:hidden;height:1px;\"><a href=\"https:\/\/moonwin-au.net\/fr\/\">https:\/\/moonwin-au.net\/fr\/<\/a><\/div>\n<div style=\"overflow:hidden;height:1px;\"><a href=\"https:\/\/au-jeetcity.com\/fr\/\">https:\/\/au-jeetcity.com\/fr\/<\/a><\/div>\n<div style=\"overflow:hidden;height:1px;\"><a href=\"https:\/\/jetcitystoveworks.com\/\">jetcitystoveworks.com<\/a><\/div>\n<div style=\"overflow:hidden;height:1px;\"><a href=\"https:\/\/casinomoonwin-au.com\/fr\/\">https:\/\/casinomoonwin-au.com\/fr\/<\/a><\/div>\n<div style=\"overflow:hidden;height:1px;\"><a href=\"https:\/\/top4blog.ru\">top4blog.ru<\/a><\/div>\n<div style=\"overflow:hidden;height:1px;\"><a href=\"https:\/\/kokshe-gtk.kz\/\">https:\/\/kokshe-gtk.kz\/<\/a><\/div>\n<div style=\"overflow:hidden;height:1px;\"><a href=\"https:\/\/erudit.com.kz\">erudit.com.kz<\/a><\/div>\n<div style=\"overflow:hidden;height:1px;\"><a href=\"https:\/\/uzafm.com\/\">1xbet uz<\/a><\/div>\n<div style=\"overflow:hidden;height:1px;\"><a href=\"https:\/\/betsala-cl.com\/\">betsala chile<\/a><\/div>\n<div style=\"overflow:hidden;height:1px;\"><a href=\"https:\/\/crashboxing.com\/\">crash boxing<\/a><\/div>\n<div style=\"overflow:hidden;height:1px;\"><a href=\"https:\/\/sportsbet-io.org\/\">sportsbet io \u9055\u6cd5<\/a><\/div>\n<div style=\"overflow:hidden;height:1px;\"><a href=\"https:\/\/monix-bet.com\/\">monix bet<\/a><\/div>\n<div style=\"overflow:hidden;height:1px;\"><a href=\"https:\/\/bd-pin-up.com\/\">pin up bet<\/a><\/div>\n<div style=\"overflow:hidden;height:1px;\"><a href=\"https:\/\/mostbet-kg.org\/\">mostbet<\/a><\/div>\n<div style=\"overflow:hidden;height:1px;\"><a href=\"https:\/\/bitcasino-io.org\/fr\/\">bitcasino<\/a><\/div>\n<div style=\"overflow:hidden;height:1px;\"><a href=\"https:\/\/candy-spinzz.com\">candy-spinzz.com <\/a><\/div>\n<div style=\"overflow:hidden;height:1px;\"><a href=\"https:\/\/pinupcasinoonline-uz.com\/\">\u043f\u0438\u043d \u0430\u043f<\/a><\/div>\n<div style=\"overflow:hidden;height:1px;\"><a href=\"https:\/\/casibomgiris-site.com\/\">casibom giri\u015f casibom g\u00fcncel giri\u015f casibom d\u00fcnyas\u0131na<\/a><\/div>\n<div style=\"overflow:hidden;height:1px;\"><a href=\"https:\/\/casino-infinity.com\/\">infinity casino<\/a><\/div>\n<div style=\"overflow:hidden;height:1px;\"><a href=\"https:\/\/br-pin-up.com\/\">pin-up casino<\/a><\/div>\n<div style=\"overflow:hidden;height:1px;\"><a href=\"https:\/\/mcw-casino.co\/\">mcw casino<\/a><\/div>\n<div style=\"overflow:hidden;height:1px;\"><a href=\"https:\/\/1xbet-live-casino.vip\/\">1xbet thailand<\/a><\/div>\n<div style=\"overflow:hidden;height:1px;\"><a href=\"https:\/\/foodexp.ru\/\">melbet \u0432\u0445\u043e\u0434<\/a><\/div>\n<div style=\"overflow:hidden;height:1px;\"><a href=\"https:\/\/spinbetter.casino\/\">Spiele bei Spinbetter Casino<\/a><\/div>\n<div style=\"overflow:hidden;height:1px;\"><a href=\"https:\/\/luckyjokergames.com\/tr\/\">Lucky Joker slotu T\u00fcrk\u00e7e<\/a><\/div>\n<div style=\"overflow:hidden;height:1px;\"><a href=\"https:\/\/1xbetcomuz.com\/ru\/\">1xbet \u0443\u0437\u0431\u0435\u043a\u0438\u0441\u0442\u0430\u043d<\/a><\/div>\n<div style=\"position: absolute; left: -9966px;\">\u0415\u0441\u043b\u0438 \u0443 \u0432\u0430\u0441 \u0432\u043e\u0437\u043d\u0438\u043a\u043b\u0438 \u0441\u043b\u043e\u0436\u043d\u043e\u0441\u0442\u0438 \u0441 \u0432\u0445\u043e\u0434\u043e\u043c, \u043f\u043e\u043f\u0440\u043e\u0431\u0443\u0439\u0442\u0435 <a href=\"https:\/\/all-karelia.ru\/\">1win \u0437\u0435\u0440\u043a\u0430\u043b\u043e<\/a>. \u041e\u043d\u043e \u0432\u0441\u0435\u0433\u0434\u0430 \u0434\u043e\u0441\u0442\u0443\u043f\u043d\u043e \u0438 \u043e\u0431\u043d\u043e\u0432\u043b\u044f\u0435\u0442\u0441\u044f \u0430\u0432\u0442\u043e\u043c\u0430\u0442\u0438\u0447\u0435\u0441\u043a\u0438.<\/p>\n<\/div>\n<div style=\"overflow:hidden;height:1px;\"><a href=\"https:\/\/melbet-apk-uz.com\/\">melbet apk<\/a><\/div>\n<div style=\"overflow:hidden;height:1px;\"><a href=\"https:\/\/loto-club-37.com\/\">club 37.club<\/a><\/div>\n<div style=\"overflow:hidden;height:1px;\"><a href=\"https:\/\/1xbetazmobile.com\/\">1xbet azerbaycan mobile<\/a><\/div>\n<div style=\"overflow:hidden;height:1px;\"><a href=\"https:\/\/vipsportiv.com\/kz\/\">1\u0445\u0431\u0435\u0442<\/a><\/div>\n<div style=\"overflow:hidden;height:1px;\"><a href=\"https:\/\/on-lineuzbekistan.com\/\">1\u0445\u0431\u0435\u0442 \u0432 \u0443\u0437\u0431\u0435\u043a\u0438\u0441\u0442\u0430\u043d\u0435<\/a><\/div>\n<div style=\"overflow:hidden;height:1px;\"><a href=\"https:\/\/yanaq.biz\/\">1xbet yeni giri\u015f<\/a><\/div>\n<div style=\"overflow:hidden;height:1px;\"><a href=\"https:\/\/1xbet-bukmeker-kompaniyasi.com\/\">1xbet uz<\/a><\/div>\n<div style=\"overflow:hidden;height:1px;\"><a href=\"https:\/\/wildsinodice.com\">Wildsino<\/a><\/div>\n<div style=\"overflow:hidden;height:1px;\"><a href=\"https:\/\/ivibetcasino.com\/\">https:\/\/ivibetcasino.com\/<\/a><\/div>\n<div style=\"overflow:hidden;height:1px;\"><a href=\"https:\/\/apuesta360brazil.com\/\">apuesta360<\/a><\/div>\n<div style=\"overflow:hidden;height:1px;\"><a href=\"https:\/\/neonwin.org\/\">neon win<\/a><\/div>\n<div style=\"overflow:hidden;height:1px;\"><a href=\"https:\/\/7gamescasino.org\/\">casino 7 games<\/a><\/div>\n<div style=\"overflow:hidden;height:1px;\"><a href=\"https:\/\/xfantazy.com\/tag\/petite-princess-femdom\">petite princess femdom leaks<\/a><\/div>\n<div style=\"overflow:hidden;height:1px;\"><a href=\"https:\/\/aviator-play-game.com\/\">aviator<\/a><\/div>\n<div style=\"overflow:hidden;height:1px;\"><a href=\"https:\/\/rakoo-casino.org\/\">rakoo casino<\/a><\/div>\n<div style=\"overflow:hidden;height:1px;\"><a href=\"https:\/\/leon-bet-gr.com\/top\/\">best games<\/a><\/div>\n<div style=\"overflow:hidden;height:1px;\"><a href=\"https:\/\/pinup-bd.org\/\">pin up<\/a><\/div>\n<div style=\"overflow:hidden;height:1px;\"><a href=\"https:\/\/moonwin-de.com\/\">moonwin casino<\/a><\/div>\n<div style=\"overflow:hidden;height:1px;\"><a href=\"https:\/\/ladys.one\/fr\/escort-paris\/sexmodel\">sexmodele<\/a><\/div>\n<div style=\"overflow:hidden;height:1px;\"><a href=\"https:\/\/express-stroi.ru\/\">melbet \u0432\u0445\u043e\u0434 \u0437\u0435\u0440\u043a\u0430\u043b\u043e<\/a><\/div>\n<div style=\"overflow:hidden;height:1px;\"><a href=\"https:\/\/nanodeflektor.ru\/\">\u043c\u0435\u043b\u0431\u0435\u0442 \u043a\u0430\u0437\u0438\u043d\u043e \u0437\u0435\u0440\u043a\u0430\u043b\u043e \u043e\u0444\u0438\u0446\u0438\u0430\u043b\u044c\u043d\u044b\u0439 \u0441\u0430\u0439\u0442<\/a><\/div>\n<div style=\"overflow:hidden;height:1px;\"><a href=\"https:\/\/chile-pin-up.com\/\">pin up<\/a><\/div>\n<div style=\"overflow:hidden;height:1px;\"><a href=\"https:\/\/pinup-india.net\/\">pin up login<\/a><\/div>\n<\/section>","protected":false},"excerpt":{"rendered":"<p>[vc_row full_width=&#8221;stretch_row_content_no_spaces&#8221;][vc_column][rev_slider_vc alias=&#8221;slider_homepage_1&#8243;][\/vc_column][\/vc_row][vc_row css=&#8221;.vc_custom_1476178806051{padding-top: 80px !important;padding-bottom: 45px !important;}&#8221;][vc_column width=&#8221;1\/3&#8243; css=&#8221;.vc_custom_1476178799882{margin-bottom: 30px !important;}&#8221;][\/vc_column][vc_column width=&#8221;2\/3&#8243; el_class=&#8221;top-spacing&#8221;][vc_row_inner][vc_column_inner width=&#8221;1\/2&#8243;][vc_single_image image=&#8221;3006&#8243; img_size=&#8221;large&#8221;][vc_column_text] Vente accessoires, mat\u00e9riels et machines de forage Cr\u00e9\u00e9e en 2006, nos implantations g\u00e9ographiques,&hellip;<\/p>\n","protected":false},"author":1,"featured_media":0,"parent":0,"menu_order":0,"comment_status":"closed","ping_status":"closed","template":"template-homepage.php","meta":{"footnotes":""},"class_list":["post-1715","page","type-page","status-publish","hentry","no-thumb"],"_links":{"self":[{"href":"https:\/\/seife-forage.com\/index.php\/wp-json\/wp\/v2\/pages\/1715","targetHints":{"allow":["GET"]}}],"collection":[{"href":"https:\/\/seife-forage.com\/index.php\/wp-json\/wp\/v2\/pages"}],"about":[{"href":"https:\/\/seife-forage.com\/index.php\/wp-json\/wp\/v2\/types\/page"}],"author":[{"embeddable":true,"href":"https:\/\/seife-forage.com\/index.php\/wp-json\/wp\/v2\/users\/1"}],"replies":[{"embeddable":true,"href":"https:\/\/seife-forage.com\/index.php\/wp-json\/wp\/v2\/comments?post=1715"}],"version-history":[{"count":185,"href":"https:\/\/seife-forage.com\/index.php\/wp-json\/wp\/v2\/pages\/1715\/revisions"}],"predecessor-version":[{"id":67314,"href":"https:\/\/seife-forage.com\/index.php\/wp-json\/wp\/v2\/pages\/1715\/revisions\/67314"}],"wp:attachment":[{"href":"https:\/\/seife-forage.com\/index.php\/wp-json\/wp\/v2\/media?parent=1715"}],"curies":[{"name":"wp","href":"https:\/\/api.w.org\/{rel}","templated":true}]}}